{"id":1791,"date":"2024-05-08T14:22:11","date_gmt":"2024-05-08T17:22:11","guid":{"rendered":"https:\/\/manjonertty.com\/cursos-y-conferencias\/"},"modified":"2026-03-10T09:15:53","modified_gmt":"2026-03-10T12:15:53","slug":"cursos-y-conferencias","status":"publish","type":"page","link":"https:\/\/manjonertty.com\/es\/cursos-y-conferencias\/","title":{"rendered":"Cursos y Conferencias"},"content":{"rendered":"\t\t<div data-elementor-type=\"wp-page\" data-elementor-id=\"1791\" class=\"elementor elementor-1791 elementor-658\" data-elementor-post-type=\"page\">\n\t\t\t\t<div class=\"elementor-element elementor-element-5046693 e-flex e-con-boxed e-con e-parent\" data-id=\"5046693\" data-element_type=\"container\" data-e-type=\"container\" data-settings=\"{&quot;background_background&quot;:&quot;gradient&quot;}\">\n\t\t\t\t\t<div class=\"e-con-inner\">\n\t\t\t\t\t<\/div>\n\t\t\t\t<\/div>\n\t\t<div class=\"elementor-element elementor-element-523ce18 e-flex e-con-boxed e-con e-parent\" data-id=\"523ce18\" data-element_type=\"container\" data-e-type=\"container\" data-settings=\"{&quot;background_background&quot;:&quot;gradient&quot;}\">\n\t\t\t\t\t<div class=\"e-con-inner\">\n\t\t\t\t<div class=\"elementor-element elementor-element-81cf3e2 eael-fg-card-content-align-left elementor-widget elementor-widget-eael-filterable-gallery\" data-id=\"81cf3e2\" data-element_type=\"widget\" data-e-type=\"widget\" data-settings=\"{&quot;photo_gallery&quot;:&quot;yes&quot;,&quot;pagination&quot;:&quot;false&quot;}\" data-widget_type=\"eael-filterable-gallery.default\">\n\t\t\t\t<div class=\"elementor-widget-container\">\n\t\t\t\t\t<style id=\"eael-fg-inline-css-81cf3e2\">@media only screen and (max-width: 2399px) {\n\t\t\t\t\t.elementor-element.elementor-element-81cf3e2 .eael-filterable-gallery-item-wrap {\n\t\t\t\t\t        width: 33.333333333333%;\n\t\t\t\t\t    }\n\t\t\t\t\t}@media only screen and (max-width: 1024px) {\n\t\t\t\t\t.elementor-element.elementor-element-81cf3e2  .eael-filterable-gallery-item-wrap {\n\t\t\t\t\t        width: 50%;\n\t\t\t\t\t    }\n\t\t\t\t\t}@media only screen and (max-width: 767px) {\n\t\t\t\t\t.elementor-element.elementor-element-81cf3e2  .eael-filterable-gallery-item-wrap {\n\t\t\t\t\t        width: 100%;\n\t\t\t\t\t    }\n\t\t\t\t\t}<\/style>        <div id=\"eael-filter-gallery-wrapper-81cf3e2\" class=\"eael-filter-gallery-wrapper\" data-layout-mode=\"card\" data-breakpoints=\"{&quot;mobile&quot;:{&quot;label&quot;:&quot;M\\u00f3vil vertical&quot;,&quot;value&quot;:767,&quot;default_value&quot;:767,&quot;direction&quot;:&quot;max&quot;,&quot;is_enabled&quot;:true},&quot;mobile_extra&quot;:{&quot;label&quot;:&quot;M\\u00f3vil horizontal&quot;,&quot;value&quot;:880,&quot;default_value&quot;:880,&quot;direction&quot;:&quot;max&quot;,&quot;is_enabled&quot;:false},&quot;tablet&quot;:{&quot;label&quot;:&quot;Tableta vertical&quot;,&quot;value&quot;:1024,&quot;default_value&quot;:1024,&quot;direction&quot;:&quot;max&quot;,&quot;is_enabled&quot;:true},&quot;tablet_extra&quot;:{&quot;label&quot;:&quot;Tableta horizontal&quot;,&quot;value&quot;:1200,&quot;default_value&quot;:1200,&quot;direction&quot;:&quot;max&quot;,&quot;is_enabled&quot;:false},&quot;laptop&quot;:{&quot;label&quot;:&quot;Port\\u00e1til&quot;,&quot;value&quot;:1366,&quot;default_value&quot;:1366,&quot;direction&quot;:&quot;max&quot;,&quot;is_enabled&quot;:false},&quot;widescreen&quot;:{&quot;label&quot;:&quot;Pantalla grande&quot;,&quot;value&quot;:2400,&quot;default_value&quot;:2400,&quot;direction&quot;:&quot;min&quot;,&quot;is_enabled&quot;:false}}\" data-default_control_key=\"0\" data-custom_default_control=\"1\">\n                    <div class=\"eael-filter-gallery-container eael-filter-gallery-grid\" data-images-per-page=\"\" data-total-gallery-items=\"2\" data-nomore-item-text=\"\" data-is-randomize=\"no\" data-settings=\"{&quot;grid_style&quot;:&quot;grid&quot;,&quot;popup&quot;:&quot;none&quot;,&quot;duration&quot;:500,&quot;gallery_enabled&quot;:&quot;yes&quot;,&quot;video_gallery_yt_privacy&quot;:&quot;&quot;,&quot;control_all_text&quot;:null,&quot;post_id&quot;:1791,&quot;widget_id&quot;:&quot;81cf3e2&quot;}\" data-search-all=\"\" data-gallery-items=\"WyI8ZGl2IGNsYXNzPVwiZWFlbC1maWx0ZXJhYmxlLWdhbGxlcnktaXRlbS13cmFwXCI+XG5cdFx0XHRcdDxkaXYgY2xhc3M9XCJlYWVsLWdhbGxlcnktZ3JpZC1pdGVtXCI+PGEgYXJlYS1oaWRkZW49XCJ0cnVlXCIgaHJlZj1cImh0dHBzOlwvXC9tYW5qb25lcnR0eS5jb21cL3dwLWNvbnRlbnRcL3VwbG9hZHNcLzIwMjRcLzA4XC9JTUdfOTk3MC0xLmpwZ1wiIGNsYXNzPVwiZWFlbC1tYWduaWZpYy1saW5rIGVhZWwtbWFnbmlmaWMtbGluay1jbG9uZSBhY3RpdmUgbWVkaWEtY29udGVudC13cmFwIGFjdGl2ZVwiIGRhdGEtZWxlbWVudG9yLW9wZW4tbGlnaHRib3g9XCJ5ZXNcIiB0aXRsZT1cIlwiPjxkaXYgY2xhc3M9XCJnYWxsZXJ5LWl0ZW0tdGh1bWJuYWlsLXdyYXBcIj48aW1nIHdpZHRoPVwiMjAwXCIgaGVpZ2h0PVwiMzAwXCIgc3JjPVwiaHR0cHM6XC9cL21hbmpvbmVydHR5LmNvbVwvd3AtY29udGVudFwvdXBsb2Fkc1wvMjAyNFwvMDhcL0lNR185OTcwLTEtMjAweDMwMC5qcGdcIiBjbGFzcz1cImF0dGFjaG1lbnQtbWVkaXVtIHNpemUtbWVkaXVtIHdwLWltYWdlLTEyMzhcIiBhbHQ9XCJcIiBzcmNzZXQ9XCJodHRwczpcL1wvbWFuam9uZXJ0dHkuY29tXC93cC1jb250ZW50XC91cGxvYWRzXC8yMDI0XC8wOFwvSU1HXzk5NzAtMS0yMDB4MzAwLmpwZyAyMDB3LCBodHRwczpcL1wvbWFuam9uZXJ0dHkuY29tXC93cC1jb250ZW50XC91cGxvYWRzXC8yMDI0XC8wOFwvSU1HXzk5NzAtMS02ODN4MTAyNC5qcGcgNjgzdywgaHR0cHM6XC9cL21hbmpvbmVydHR5LmNvbVwvd3AtY29udGVudFwvdXBsb2Fkc1wvMjAyNFwvMDhcL0lNR185OTcwLTEtNzY4eDExNTIuanBnIDc2OHcsIGh0dHBzOlwvXC9tYW5qb25lcnR0eS5jb21cL3dwLWNvbnRlbnRcL3VwbG9hZHNcLzIwMjRcLzA4XC9JTUdfOTk3MC0xLmpwZyA5MTJ3XCIgc2l6ZXM9XCIobWF4LXdpZHRoOiAyMDBweCkgMTAwdncsIDIwMHB4XCIgXC8+PFwvZGl2PjxcL2E+PGRpdiBjbGFzcz1cImdhbGxlcnktaXRlbS1jYXB0aW9uLXdyYXAgY2FwdGlvbi1zdHlsZS1jYXJkIFwiPjxkaXYgY2xhc3M9XCJnYWxsZXJ5LWl0ZW0tY2FwdGlvbi1vdmVyXCI+PGgyIGNsYXNzPVwiZmctaXRlbS10aXRsZVwiPklJIENvbmdyZXNvIEludGVybmFjaW9uYWwgZGUgU2lzdGVtYXMgRXJ0dHk8XC9oMj48ZGl2IGNsYXNzPVwiZmctaXRlbS1jb250ZW50XCI+PHA+SUkgQ29uZ3Jlc28gSW50ZXJuYWNpb25hbCBkZSBTaXN0ZW1hcyBFcnR0eSBlbiBhYnJpbCBkZSAyMDI0IGVuIGVsIFJlc29ydCBDb3N0XHUwMGUzbyBkbyBTYW50aW5obywgY29uIHRlbWFzIGNvbW8gRGlhZ25cdTAwZjNzdGljbyBDcmFuZW9mYWNpYWwgVHJpZGltZW5zaW9uYWwgeSBNYW5lam8gZGUgUGFjaWVudGVzIE9ydG9xdWlyXHUwMGZhcmdpY29zIGNvbiBEZXRlcmlvcm8gQXJ0aWN1bGFyLjxcL3A+XG48XC9kaXY+PFwvZGl2PjxcL2Rpdj48XC9kaXY+PFwvZGl2PiIsIjxkaXYgY2xhc3M9XCJlYWVsLWZpbHRlcmFibGUtZ2FsbGVyeS1pdGVtLXdyYXBcIj5cblx0XHRcdFx0PGRpdiBjbGFzcz1cImVhZWwtZ2FsbGVyeS1ncmlkLWl0ZW1cIj48YSBhcmVhLWhpZGRlbj1cInRydWVcIiBocmVmPVwiaHR0cHM6XC9cL21hbmpvbmVydHR5LmNvbVwvd3AtY29udGVudFwvdXBsb2Fkc1wvMjAyNFwvMDhcL21lcGItMTExNy0xLmpwZ1wiIGNsYXNzPVwiZWFlbC1tYWduaWZpYy1saW5rIGVhZWwtbWFnbmlmaWMtbGluay1jbG9uZSBhY3RpdmUgbWVkaWEtY29udGVudC13cmFwIGFjdGl2ZVwiIGRhdGEtZWxlbWVudG9yLW9wZW4tbGlnaHRib3g9XCJ5ZXNcIiB0aXRsZT1cIlwiPjxkaXYgY2xhc3M9XCJnYWxsZXJ5LWl0ZW0tdGh1bWJuYWlsLXdyYXBcIj48aW1nIHdpZHRoPVwiMzAwXCIgaGVpZ2h0PVwiMjAwXCIgc3JjPVwiaHR0cHM6XC9cL21hbmpvbmVydHR5LmNvbVwvd3AtY29udGVudFwvdXBsb2Fkc1wvMjAyNFwvMDhcL21lcGItMTExNy0xLTMwMHgyMDAuanBnXCIgY2xhc3M9XCJhdHRhY2htZW50LW1lZGl1bSBzaXplLW1lZGl1bSB3cC1pbWFnZS0xMjk4XCIgYWx0PVwiXCIgc3Jjc2V0PVwiaHR0cHM6XC9cL21hbmpvbmVydHR5LmNvbVwvd3AtY29udGVudFwvdXBsb2Fkc1wvMjAyNFwvMDhcL21lcGItMTExNy0xLTMwMHgyMDAuanBnIDMwMHcsIGh0dHBzOlwvXC9tYW5qb25lcnR0eS5jb21cL3dwLWNvbnRlbnRcL3VwbG9hZHNcLzIwMjRcLzA4XC9tZXBiLTExMTctMS0xMDI0eDY4My5qcGcgMTAyNHcsIGh0dHBzOlwvXC9tYW5qb25lcnR0eS5jb21cL3dwLWNvbnRlbnRcL3VwbG9hZHNcLzIwMjRcLzA4XC9tZXBiLTExMTctMS03Njh4NTEyLmpwZyA3Njh3LCBodHRwczpcL1wvbWFuam9uZXJ0dHkuY29tXC93cC1jb250ZW50XC91cGxvYWRzXC8yMDI0XC8wOFwvbWVwYi0xMTE3LTEtMTUzNngxMDI0LmpwZyAxNTM2dywgaHR0cHM6XC9cL21hbmpvbmVydHR5LmNvbVwvd3AtY29udGVudFwvdXBsb2Fkc1wvMjAyNFwvMDhcL21lcGItMTExNy0xLmpwZyAyMDQ4d1wiIHNpemVzPVwiKG1heC13aWR0aDogMzAwcHgpIDEwMHZ3LCAzMDBweFwiIFwvPjxcL2Rpdj48XC9hPjxkaXYgY2xhc3M9XCJnYWxsZXJ5LWl0ZW0tY2FwdGlvbi13cmFwIGNhcHRpb24tc3R5bGUtY2FyZCBcIj48ZGl2IGNsYXNzPVwiZ2FsbGVyeS1pdGVtLWNhcHRpb24tb3ZlclwiPjxkaXYgY2xhc3M9XCJmZy1pdGVtLWNvbnRlbnRcIj48cD5SZWNpYmlyIGVsIHJlY29ub2NpbWllbnRvIGRlIHVuIHNlbGVjdG8gZ3J1cG8gZGUgY29sZWdhcyBub3MgbW90aXZhIGEgc2VndWlyIGVzdHVkaWFuZG8sIGJ1c2NhbmRvIHNpZW1wcmUgbG8gbWVqb3IgcGFyYSBlbCBwYWNpZW50ZS48XC9wPlxuPFwvZGl2PjxcL2Rpdj48XC9kaXY+PFwvZGl2PjxcL2Rpdj4iXQ==\" data-init-show=\"6\">\n            <div class=\"eael-filterable-gallery-item-wrap\">\n\t\t\t\t<div class=\"eael-gallery-grid-item\"><a area-hidden=\"true\" href=\"https:\/\/manjonertty.com\/wp-content\/uploads\/2024\/08\/IMG_9970-1.jpg\" class=\"eael-magnific-link eael-magnific-link-clone active media-content-wrap active\" data-elementor-open-lightbox=\"yes\" title=\"\"><div class=\"gallery-item-thumbnail-wrap\"><img fetchpriority=\"high\" decoding=\"async\" width=\"200\" height=\"300\" src=\"https:\/\/manjonertty.com\/wp-content\/uploads\/2024\/08\/IMG_9970-1-200x300.jpg\" class=\"attachment-medium size-medium wp-image-1238\" alt=\"\" srcset=\"https:\/\/manjonertty.com\/wp-content\/uploads\/2024\/08\/IMG_9970-1-200x300.jpg 200w, https:\/\/manjonertty.com\/wp-content\/uploads\/2024\/08\/IMG_9970-1-683x1024.jpg 683w, https:\/\/manjonertty.com\/wp-content\/uploads\/2024\/08\/IMG_9970-1-768x1152.jpg 768w, https:\/\/manjonertty.com\/wp-content\/uploads\/2024\/08\/IMG_9970-1.jpg 912w\" sizes=\"(max-width: 200px) 100vw, 200px\" \/><\/div><\/a><div class=\"gallery-item-caption-wrap caption-style-card \"><div class=\"gallery-item-caption-over\"><h2 class=\"fg-item-title\">II Congreso Internacional de Sistemas Ertty<\/h2><div class=\"fg-item-content\"><p>II Congreso Internacional de Sistemas Ertty en abril de 2024 en el Resort Cost\u00e3o do Santinho, con temas como Diagn\u00f3stico Craneofacial Tridimensional y Manejo de Pacientes Ortoquir\u00fargicos con Deterioro Articular.<\/p>\n<\/div><\/div><\/div><\/div><\/div><div class=\"eael-filterable-gallery-item-wrap\">\n\t\t\t\t<div class=\"eael-gallery-grid-item\"><a area-hidden=\"true\" href=\"https:\/\/manjonertty.com\/wp-content\/uploads\/2024\/08\/mepb-1117-1.jpg\" class=\"eael-magnific-link eael-magnific-link-clone active media-content-wrap active\" data-elementor-open-lightbox=\"yes\" title=\"\"><div class=\"gallery-item-thumbnail-wrap\"><img decoding=\"async\" width=\"300\" height=\"200\" src=\"https:\/\/manjonertty.com\/wp-content\/uploads\/2024\/08\/mepb-1117-1-300x200.jpg\" class=\"attachment-medium size-medium wp-image-1298\" alt=\"\" srcset=\"https:\/\/manjonertty.com\/wp-content\/uploads\/2024\/08\/mepb-1117-1-300x200.jpg 300w, https:\/\/manjonertty.com\/wp-content\/uploads\/2024\/08\/mepb-1117-1-1024x683.jpg 1024w, https:\/\/manjonertty.com\/wp-content\/uploads\/2024\/08\/mepb-1117-1-768x512.jpg 768w, https:\/\/manjonertty.com\/wp-content\/uploads\/2024\/08\/mepb-1117-1-1536x1024.jpg 1536w, https:\/\/manjonertty.com\/wp-content\/uploads\/2024\/08\/mepb-1117-1.jpg 2048w\" sizes=\"(max-width: 300px) 100vw, 300px\" \/><\/div><\/a><div class=\"gallery-item-caption-wrap caption-style-card \"><div class=\"gallery-item-caption-over\"><div class=\"fg-item-content\"><p>Recibir el reconocimiento de un selecto grupo de colegas nos motiva a seguir estudiando, buscando siempre lo mejor para el paciente.<\/p>\n<\/div><\/div><\/div><\/div><\/div>        <\/div>\n                <\/div>\n        \n        \t\t\t\t<\/div>\n\t\t\t\t<\/div>\n\t\t\t\t\t<\/div>\n\t\t\t\t<\/div>\n\t\t\t\t<\/div>\n\t\t","protected":false},"excerpt":{"rendered":"<p>II Congreso Internacional de Sistemas Ertty II Congreso Internacional de Sistemas Ertty en abril de 2024 en el Resort Cost\u00e3o do Santinho, con temas como Diagn\u00f3stico Craneofacial Tridimensional y Manejo de Pacientes Ortoquir\u00fargicos con Deterioro Articular. Recibir el reconocimiento de un selecto grupo de colegas nos motiva a seguir estudiando, buscando siempre lo mejor para [&hellip;]<\/p>\n","protected":false},"author":1,"featured_media":0,"parent":0,"menu_order":0,"comment_status":"closed","ping_status":"closed","template":"elementor_header_footer","meta":{"_acf_changed":false,"footnotes":""},"class_list":["post-1791","page","type-page","status-publish","hentry"],"acf":[],"yoast_head":"<!-- This site is optimized with the Yoast SEO plugin v27.1.1 - https:\/\/yoast.com\/product\/yoast-seo-wordpress\/ -->\n<title>Cursos y Conferencias - Cl\u00ednica Manj\u00f3n-Ertty<\/title>\n<meta name=\"robots\" content=\"index, follow, max-snippet:-1, max-image-preview:large, max-video-preview:-1\" \/>\n<link rel=\"canonical\" href=\"https:\/\/manjonertty.com\/es\/cursos-y-conferencias\/\" \/>\n<meta property=\"og:locale\" content=\"es_ES\" \/>\n<meta property=\"og:type\" content=\"article\" \/>\n<meta property=\"og:title\" content=\"Cursos y Conferencias - Cl\u00ednica Manj\u00f3n-Ertty\" \/>\n<meta property=\"og:description\" content=\"II Congreso Internacional de Sistemas Ertty II Congreso Internacional de Sistemas Ertty en abril de 2024 en el Resort Cost\u00e3o do Santinho, con temas como Diagn\u00f3stico Craneofacial Tridimensional y Manejo de Pacientes Ortoquir\u00fargicos con Deterioro Articular. Recibir el reconocimiento de un selecto grupo de colegas nos motiva a seguir estudiando, buscando siempre lo mejor para [&hellip;]\" \/>\n<meta property=\"og:url\" content=\"https:\/\/manjonertty.com\/es\/cursos-y-conferencias\/\" \/>\n<meta property=\"og:site_name\" content=\"Cl\u00ednica Manj\u00f3n-Ertty\" \/>\n<meta property=\"article:modified_time\" content=\"2026-03-10T12:15:53+00:00\" \/>\n<meta property=\"og:image\" content=\"https:\/\/manjonertty.com\/wp-content\/uploads\/2024\/08\/IMG_9970-1.jpg\" \/>\n\t<meta property=\"og:image:width\" content=\"912\" \/>\n\t<meta property=\"og:image:height\" content=\"1368\" \/>\n\t<meta property=\"og:image:type\" content=\"image\/jpeg\" \/>\n<meta name=\"twitter:card\" content=\"summary_large_image\" \/>\n<script type=\"application\/ld+json\" class=\"yoast-schema-graph\">{\"@context\":\"https:\/\/schema.org\",\"@graph\":[{\"@type\":\"WebPage\",\"@id\":\"https:\/\/manjonertty.com\/es\/cursos-y-conferencias\/\",\"url\":\"https:\/\/manjonertty.com\/es\/cursos-y-conferencias\/\",\"name\":\"Cursos y Conferencias - Cl\u00ednica Manj\u00f3n-Ertty\",\"isPartOf\":{\"@id\":\"https:\/\/manjonertty.com\/es\/#website\"},\"primaryImageOfPage\":{\"@id\":\"https:\/\/manjonertty.com\/es\/cursos-y-conferencias\/#primaryimage\"},\"image\":{\"@id\":\"https:\/\/manjonertty.com\/es\/cursos-y-conferencias\/#primaryimage\"},\"thumbnailUrl\":\"https:\/\/manjonertty.com\/wp-content\/uploads\/2024\/08\/IMG_9970-1-200x300.jpg\",\"datePublished\":\"2024-05-08T17:22:11+00:00\",\"dateModified\":\"2026-03-10T12:15:53+00:00\",\"breadcrumb\":{\"@id\":\"https:\/\/manjonertty.com\/es\/cursos-y-conferencias\/#breadcrumb\"},\"inLanguage\":\"es\",\"potentialAction\":[{\"@type\":\"ReadAction\",\"target\":[\"https:\/\/manjonertty.com\/es\/cursos-y-conferencias\/\"]}]},{\"@type\":\"ImageObject\",\"inLanguage\":\"es\",\"@id\":\"https:\/\/manjonertty.com\/es\/cursos-y-conferencias\/#primaryimage\",\"url\":\"https:\/\/manjonertty.com\/wp-content\/uploads\/2024\/08\/IMG_9970-1-200x300.jpg\",\"contentUrl\":\"https:\/\/manjonertty.com\/wp-content\/uploads\/2024\/08\/IMG_9970-1-200x300.jpg\"},{\"@type\":\"BreadcrumbList\",\"@id\":\"https:\/\/manjonertty.com\/es\/cursos-y-conferencias\/#breadcrumb\",\"itemListElement\":[{\"@type\":\"ListItem\",\"position\":1,\"name\":\"In\u00edcio\",\"item\":\"https:\/\/manjonertty.com\/es\/\"},{\"@type\":\"ListItem\",\"position\":2,\"name\":\"Cursos y Conferencias\"}]},{\"@type\":\"WebSite\",\"@id\":\"https:\/\/manjonertty.com\/es\/#website\",\"url\":\"https:\/\/manjonertty.com\/es\/\",\"name\":\"Irene M\u00e9ndez Manj\u00f3n\",\"description\":\"Cirurgia | DTM | Ortodontia\",\"publisher\":{\"@id\":\"https:\/\/manjonertty.com\/es\/#organization\"},\"potentialAction\":[{\"@type\":\"SearchAction\",\"target\":{\"@type\":\"EntryPoint\",\"urlTemplate\":\"https:\/\/manjonertty.com\/es\/?s={search_term_string}\"},\"query-input\":{\"@type\":\"PropertyValueSpecification\",\"valueRequired\":true,\"valueName\":\"search_term_string\"}}],\"inLanguage\":\"es\"},{\"@type\":\"Organization\",\"@id\":\"https:\/\/manjonertty.com\/es\/#organization\",\"name\":\"Irene M\u00e9ndez Manj\u00f3n\",\"url\":\"https:\/\/manjonertty.com\/es\/\",\"logo\":{\"@type\":\"ImageObject\",\"inLanguage\":\"es\",\"@id\":\"https:\/\/manjonertty.com\/es\/#\/schema\/logo\/image\/\",\"url\":\"https:\/\/manjonertty.com\/wp-content\/uploads\/2024\/03\/logo-rodape.png\",\"contentUrl\":\"https:\/\/manjonertty.com\/wp-content\/uploads\/2024\/03\/logo-rodape.png\",\"width\":179,\"height\":176,\"caption\":\"Irene M\u00e9ndez Manj\u00f3n\"},\"image\":{\"@id\":\"https:\/\/manjonertty.com\/es\/#\/schema\/logo\/image\/\"},\"sameAs\":[\"https:\/\/www.instagram.com\/irene_mend\"]}]}<\/script>\n<!-- \/ Yoast SEO plugin. -->","yoast_head_json":{"title":"Cursos y Conferencias - Cl\u00ednica Manj\u00f3n-Ertty","robots":{"index":"index","follow":"follow","max-snippet":"max-snippet:-1","max-image-preview":"max-image-preview:large","max-video-preview":"max-video-preview:-1"},"canonical":"https:\/\/manjonertty.com\/es\/cursos-y-conferencias\/","og_locale":"es_ES","og_type":"article","og_title":"Cursos y Conferencias - Cl\u00ednica Manj\u00f3n-Ertty","og_description":"II Congreso Internacional de Sistemas Ertty II Congreso Internacional de Sistemas Ertty en abril de 2024 en el Resort Cost\u00e3o do Santinho, con temas como Diagn\u00f3stico Craneofacial Tridimensional y Manejo de Pacientes Ortoquir\u00fargicos con Deterioro Articular. Recibir el reconocimiento de un selecto grupo de colegas nos motiva a seguir estudiando, buscando siempre lo mejor para [&hellip;]","og_url":"https:\/\/manjonertty.com\/es\/cursos-y-conferencias\/","og_site_name":"Cl\u00ednica Manj\u00f3n-Ertty","article_modified_time":"2026-03-10T12:15:53+00:00","og_image":[{"width":912,"height":1368,"url":"https:\/\/manjonertty.com\/wp-content\/uploads\/2024\/08\/IMG_9970-1.jpg","type":"image\/jpeg"}],"twitter_card":"summary_large_image","schema":{"@context":"https:\/\/schema.org","@graph":[{"@type":"WebPage","@id":"https:\/\/manjonertty.com\/es\/cursos-y-conferencias\/","url":"https:\/\/manjonertty.com\/es\/cursos-y-conferencias\/","name":"Cursos y Conferencias - Cl\u00ednica Manj\u00f3n-Ertty","isPartOf":{"@id":"https:\/\/manjonertty.com\/es\/#website"},"primaryImageOfPage":{"@id":"https:\/\/manjonertty.com\/es\/cursos-y-conferencias\/#primaryimage"},"image":{"@id":"https:\/\/manjonertty.com\/es\/cursos-y-conferencias\/#primaryimage"},"thumbnailUrl":"https:\/\/manjonertty.com\/wp-content\/uploads\/2024\/08\/IMG_9970-1-200x300.jpg","datePublished":"2024-05-08T17:22:11+00:00","dateModified":"2026-03-10T12:15:53+00:00","breadcrumb":{"@id":"https:\/\/manjonertty.com\/es\/cursos-y-conferencias\/#breadcrumb"},"inLanguage":"es","potentialAction":[{"@type":"ReadAction","target":["https:\/\/manjonertty.com\/es\/cursos-y-conferencias\/"]}]},{"@type":"ImageObject","inLanguage":"es","@id":"https:\/\/manjonertty.com\/es\/cursos-y-conferencias\/#primaryimage","url":"https:\/\/manjonertty.com\/wp-content\/uploads\/2024\/08\/IMG_9970-1-200x300.jpg","contentUrl":"https:\/\/manjonertty.com\/wp-content\/uploads\/2024\/08\/IMG_9970-1-200x300.jpg"},{"@type":"BreadcrumbList","@id":"https:\/\/manjonertty.com\/es\/cursos-y-conferencias\/#breadcrumb","itemListElement":[{"@type":"ListItem","position":1,"name":"In\u00edcio","item":"https:\/\/manjonertty.com\/es\/"},{"@type":"ListItem","position":2,"name":"Cursos y Conferencias"}]},{"@type":"WebSite","@id":"https:\/\/manjonertty.com\/es\/#website","url":"https:\/\/manjonertty.com\/es\/","name":"Irene M\u00e9ndez Manj\u00f3n","description":"Cirurgia | DTM | Ortodontia","publisher":{"@id":"https:\/\/manjonertty.com\/es\/#organization"},"potentialAction":[{"@type":"SearchAction","target":{"@type":"EntryPoint","urlTemplate":"https:\/\/manjonertty.com\/es\/?s={search_term_string}"},"query-input":{"@type":"PropertyValueSpecification","valueRequired":true,"valueName":"search_term_string"}}],"inLanguage":"es"},{"@type":"Organization","@id":"https:\/\/manjonertty.com\/es\/#organization","name":"Irene M\u00e9ndez Manj\u00f3n","url":"https:\/\/manjonertty.com\/es\/","logo":{"@type":"ImageObject","inLanguage":"es","@id":"https:\/\/manjonertty.com\/es\/#\/schema\/logo\/image\/","url":"https:\/\/manjonertty.com\/wp-content\/uploads\/2024\/03\/logo-rodape.png","contentUrl":"https:\/\/manjonertty.com\/wp-content\/uploads\/2024\/03\/logo-rodape.png","width":179,"height":176,"caption":"Irene M\u00e9ndez Manj\u00f3n"},"image":{"@id":"https:\/\/manjonertty.com\/es\/#\/schema\/logo\/image\/"},"sameAs":["https:\/\/www.instagram.com\/irene_mend"]}]}},"_links":{"self":[{"href":"https:\/\/manjonertty.com\/es\/wp-json\/wp\/v2\/pages\/1791","targetHints":{"allow":["GET"]}}],"collection":[{"href":"https:\/\/manjonertty.com\/es\/wp-json\/wp\/v2\/pages"}],"about":[{"href":"https:\/\/manjonertty.com\/es\/wp-json\/wp\/v2\/types\/page"}],"author":[{"embeddable":true,"href":"https:\/\/manjonertty.com\/es\/wp-json\/wp\/v2\/users\/1"}],"replies":[{"embeddable":true,"href":"https:\/\/manjonertty.com\/es\/wp-json\/wp\/v2\/comments?post=1791"}],"version-history":[{"count":5,"href":"https:\/\/manjonertty.com\/es\/wp-json\/wp\/v2\/pages\/1791\/revisions"}],"predecessor-version":[{"id":4206,"href":"https:\/\/manjonertty.com\/es\/wp-json\/wp\/v2\/pages\/1791\/revisions\/4206"}],"wp:attachment":[{"href":"https:\/\/manjonertty.com\/es\/wp-json\/wp\/v2\/media?parent=1791"}],"curies":[{"name":"wp","href":"https:\/\/api.w.org\/{rel}","templated":true}]}}